{"id":462,"date":"2022-03-07T11:36:48","date_gmt":"2022-03-07T08:36:48","guid":{"rendered":"https:\/\/mediacrabs.com\/Clinicroyale\/?page_id=462"},"modified":"2023-02-23T15:21:10","modified_gmt":"2023-02-23T12:21:10","slug":"uber-uns","status":"publish","type":"page","link":"https:\/\/www.clinicroyale.com\/es\/uber-uns\/","title":{"rendered":"\u00dcber uns"},"content":{"rendered":"<h2>Willkommen bei Clinic Royale<\/h2>\n<h3>Warum wir?<\/h3>\n<p>Unsere Klinik, die in vielen Sprachen dient, bietet immer privilegierte Pl\u00e4ne an, die den Prozess vollst\u00e4ndig abdecken, indem sie einen guten Beratungsdienst f\u00fcr unsere Patienten aus dem Ausland erhalten, sie treffen, Transport und Unterkunft.<\/p>\n<ul>\n<li>Maximale Transplantate<\/li>\n<li>Schmerzfreie Lokalan\u00e4sthesie<\/li>\n<li>PRP-Behandlung nach der Operation<\/li>\n<li>Lebensdauer -Garantieurkunde<\/li>\n<\/ul>\n","protected":false},"excerpt":{"rendered":"<p>Willkommen bei Clinic Royale Warum wir? Unsere Klinik, die in vielen Sprachen dient, bietet immer privilegierte Pl\u00e4ne an, die den Prozess vollst\u00e4ndig abdecken, indem sie einen guten Beratungsdienst f\u00fcr unsere Patienten aus dem Ausland erhalten, sie treffen, Transport und Unterkunft. Maximale Transplantate Schmerzfreie Lokalan\u00e4sthesie PRP-Behandlung nach der Operation Lebensdauer -Garantieurkunde<\/p>\n","protected":false},"author":1,"featured_media":0,"parent":0,"menu_order":0,"comment_status":"closed","ping_status":"closed","template":"","meta":{"footnotes":""},"class_list":["post-462","page","type-page","status-publish","hentry"],"_links":{"self":[{"href":"https:\/\/www.clinicroyale.com\/es\/wp-json\/wp\/v2\/pages\/462","targetHints":{"allow":["GET"]}}],"collection":[{"href":"https:\/\/www.clinicroyale.com\/es\/wp-json\/wp\/v2\/pages"}],"about":[{"href":"https:\/\/www.clinicroyale.com\/es\/wp-json\/wp\/v2\/types\/page"}],"author":[{"embeddable":true,"href":"https:\/\/www.clinicroyale.com\/es\/wp-json\/wp\/v2\/users\/1"}],"replies":[{"embeddable":true,"href":"https:\/\/www.clinicroyale.com\/es\/wp-json\/wp\/v2\/comments?post=462"}],"version-history":[{"count":2,"href":"https:\/\/www.clinicroyale.com\/es\/wp-json\/wp\/v2\/pages\/462\/revisions"}],"predecessor-version":[{"id":687,"href":"https:\/\/www.clinicroyale.com\/es\/wp-json\/wp\/v2\/pages\/462\/revisions\/687"}],"wp:attachment":[{"href":"https:\/\/www.clinicroyale.com\/es\/wp-json\/wp\/v2\/media?parent=462"}],"curies":[{"name":"wp","href":"https:\/\/api.w.org\/{rel}","templated":true}]}}